{"id":497,"date":"2023-10-12T15:08:43","date_gmt":"2023-10-12T13:08:43","guid":{"rendered":"https:\/\/feinkost-veizoglou.de\/?page_id=497"},"modified":"2023-11-08T15:44:07","modified_gmt":"2023-11-08T14:44:07","slug":"impressum","status":"publish","type":"page","link":"https:\/\/feinkost-veizoglou.de\/?page_id=497","title":{"rendered":"Impressum"},"content":{"rendered":"<div  class='flex_column av-af50h-5bbb3629ca4508b2d499073dd5b823ad av_two_third  avia-builder-el-0  avia-builder-el-no-sibling  first flex_column_div  '     ><section  class='av_textblock_section av-lnn72sma-498f9d3b1ea1e196da365baef1e4cc7d '   itemscope=\"itemscope\" itemtype=\"https:\/\/schema.org\/CreativeWork\" ><div class='avia_textblock'  itemprop=\"text\" ><h1>Impressum<\/h1>\n<\/div><\/section><br \/>\n<section  class='av_textblock_section av-lnn73uka-06cac9e647fc67a37420fc9e82913efd '   itemscope=\"itemscope\" itemtype=\"https:\/\/schema.org\/CreativeWork\" ><div class='avia_textblock'  itemprop=\"text\" ><h2>Angaben gem\u00e4\u00df \u00a7 5 TMG<\/h2>\n<p>Feinkost Veizoglou<br \/>\nOnur Veizoglou<br \/>\nDorotheenstra\u00dfe 4<br \/>\n70173 Stuttgart<\/p>\n<h2>Kontakt<\/h2>\n<p>Telefon: 0711 232817<br \/>\nE-Mail: <a href=\"mailto: info@feinkost-veizoglou.de\">info@feinkost-veizoglou.de<\/a><\/p>\n<h2>Umsatzsteuer<\/h2>\n<p>Umsatzsteuer-Identifikationsnummer gem\u00e4\u00df \u00a727 a Umsatzsteuergesetz:<br \/>\nDE282906017<\/p>\n<h2>Realisierung<\/h2>\n<p><a href=\"http:\/\/www.advantage-werbung.de\/\"><strong>advantage<\/strong><\/a><br \/>\nAgentur f\u00fcr Strategie und Kommunikation, Stuttgart<br \/>\nin Kooperation mit <a href=\"http:\/\/createam-stuttgart.de\">CREATEAM<\/a><\/p>\n<h2>Streitschlichtung<\/h2>\n<p>Die Europ\u00e4ische Kommission stellt eine Plattform zur Online-Streitbeilegung (OS) bereit: <a href=\"https:\/\/ec.europa.eu\/consumers\/odr\" target=\"_blank\" rel=\"noopener\">https:\/\/ec.europa.eu\/consumers\/odr<\/a>.<br \/>\nUnsere E-Mail-Adresse finden Sie oben im Impressum.<\/p>\n<p>Wir sind nicht bereit oder verpflichtet, an Streitbeilegungsverfahren vor einer Verbraucherschlichtungsstelle teilzunehmen.<\/p>\n<h3>Haftung f\u00fcr Inhalte<\/h3>\n<p>Als Diensteanbieter sind wir gem\u00e4\u00df \u00a7 7 Abs.1 TMG f\u00fcr eigene Inhalte auf diesen Seiten nach den allgemeinen Gesetzen verantwortlich. Nach \u00a7\u00a7 8 bis 10 TMG sind wir als Diensteanbieter jedoch nicht verpflichtet, \u00fcbermittelte oder gespeicherte fremde Informationen zu \u00fcberwachen oder nach Umst\u00e4nden zu forschen, die auf eine rechtswidrige T\u00e4tigkeit hinweisen.<\/p>\n<p>Verpflichtungen zur Entfernung oder Sperrung der Nutzung von Informationen nach den allgemeinen Gesetzen bleiben hiervon unber\u00fchrt. Eine diesbez\u00fcgliche Haftung ist jedoch erst ab dem Zeitpunkt der Kenntnis einer konkreten Rechtsverletzung m\u00f6glich. Bei Bekanntwerden von entsprechenden Rechtsverletzungen werden wir diese Inhalte umgehend entfernen.<\/p>\n<h3>Haftung f\u00fcr Links<\/h3>\n<p>Unser Angebot enth\u00e4lt Links zu externen Websites Dritter, auf deren Inhalte wir keinen Einfluss haben. Deshalb k\u00f6nnen wir f\u00fcr diese fremden Inhalte auch keine Gew\u00e4hr \u00fcbernehmen. F\u00fcr die Inhalte der verlinkten Seiten ist stets der jeweilige Anbieter oder Betreiber der Seiten verantwortlich. Die verlinkten Seiten wurden zum Zeitpunkt der Verlinkung auf m\u00f6gliche Rechtsverst\u00f6\u00dfe \u00fcberpr\u00fcft. Rechtswidrige Inhalte waren zum Zeitpunkt der Verlinkung nicht erkennbar.<\/p>\n<p>Eine permanente inhaltliche Kontrolle der verlinkten Seiten ist jedoch ohne konkrete Anhaltspunkte einer Rechtsverletzung nicht zumutbar. Bei Bekanntwerden von Rechtsverletzungen werden wir derartige Links umgehend entfernen.<\/p>\n<h3>Urheberrecht<\/h3>\n<p>Die durch die Seitenbetreiber erstellten Inhalte und Werke auf diesen Seiten unterliegen dem deutschen Urheberrecht. Die Vervielf\u00e4ltigung, Bearbeitung, Verbreitung und jede Art der Verwertung au\u00dferhalb der Grenzen des Urheberrechtes bed\u00fcrfen der schriftlichen Zustimmung des jeweiligen Autors bzw. Erstellers. Downloads und Kopien dieser Seite sind nur f\u00fcr den privaten, nicht kommerziellen Gebrauch gestattet.<\/p>\n<p>Soweit die Inhalte auf dieser Seite nicht vom Betreiber erstellt wurden, werden die Urheberrechte Dritter beachtet. Insbesondere werden Inhalte Dritter als solche gekennzeichnet. Sollten Sie trotzdem auf eine Urheberrechtsverletzung aufmerksam werden, bitten wir um einen entsprechenden Hinweis. Bei Bekanntwerden von Rechtsverletzungen werden wir derartige Inhalte umgehend entfernen.<\/p>\n<\/div><\/section><\/p><\/div>\n","protected":false},"excerpt":{"rendered":"","protected":false},"author":1,"featured_media":0,"parent":0,"menu_order":0,"comment_status":"closed","ping_status":"closed","template":"","meta":{"footnotes":""},"class_list":["post-497","page","type-page","status-publish","hentry"],"yoast_head":"<!-- This site is optimized with the Yoast SEO plugin v27.4 - https:\/\/yoast.com\/product\/yoast-seo-wordpress\/ -->\n<title>Impressum von Feinkost Veizoglou<\/title>\n<meta name=\"description\" content=\"Das Impressum von Feinkost Veizoglou \u2013 alle Informationen und die Kontaktdaten der Website Feinkost Veizoglou.\" \/>\n<meta name=\"robots\" content=\"index, follow, max-snippet:-1, max-image-preview:large, max-video-preview:-1\" \/>\n<link rel=\"canonical\" href=\"https:\/\/feinkost-veizoglou.de\/?page_id=497\" \/>\n<meta property=\"og:locale\" content=\"de_DE\" \/>\n<meta property=\"og:type\" content=\"article\" \/>\n<meta property=\"og:title\" content=\"Impressum von Feinkost Veizoglou\" \/>\n<meta property=\"og:description\" content=\"Das Impressum von Feinkost Veizoglou \u2013 alle Informationen und die Kontaktdaten der Website Feinkost Veizoglou.\" \/>\n<meta property=\"og:url\" content=\"https:\/\/feinkost-veizoglou.de\/?page_id=497\" \/>\n<meta property=\"og:site_name\" content=\"Feinkoststand Veizoglou\" \/>\n<meta property=\"article:modified_time\" content=\"2023-11-08T14:44:07+00:00\" \/>\n<meta name=\"twitter:card\" content=\"summary_large_image\" \/>\n<meta name=\"twitter:label1\" content=\"Gesch\u00e4tzte Lesezeit\" \/>\n\t<meta name=\"twitter:data1\" content=\"4\u00a0Minuten\" \/>\n<script type=\"application\/ld+json\" class=\"yoast-schema-graph\">{\"@context\":\"https:\\\/\\\/schema.org\",\"@graph\":[{\"@type\":\"WebPage\",\"@id\":\"https:\\\/\\\/feinkost-veizoglou.de\\\/?page_id=497\",\"url\":\"https:\\\/\\\/feinkost-veizoglou.de\\\/?page_id=497\",\"name\":\"Impressum von Feinkost Veizoglou\",\"isPartOf\":{\"@id\":\"https:\\\/\\\/feinkost-veizoglou.de\\\/#website\"},\"datePublished\":\"2023-10-12T13:08:43+00:00\",\"dateModified\":\"2023-11-08T14:44:07+00:00\",\"description\":\"Das Impressum von Feinkost Veizoglou \u2013 alle Informationen und die Kontaktdaten der Website Feinkost Veizoglou.\",\"breadcrumb\":{\"@id\":\"https:\\\/\\\/feinkost-veizoglou.de\\\/?page_id=497#breadcrumb\"},\"inLanguage\":\"de\",\"potentialAction\":[{\"@type\":\"ReadAction\",\"target\":[\"https:\\\/\\\/feinkost-veizoglou.de\\\/?page_id=497\"]}]},{\"@type\":\"BreadcrumbList\",\"@id\":\"https:\\\/\\\/feinkost-veizoglou.de\\\/?page_id=497#breadcrumb\",\"itemListElement\":[{\"@type\":\"ListItem\",\"position\":1,\"name\":\"Startseite\",\"item\":\"https:\\\/\\\/feinkost-veizoglou.de\\\/?page_id=367\"},{\"@type\":\"ListItem\",\"position\":2,\"name\":\"Impressum\"}]},{\"@type\":\"WebSite\",\"@id\":\"https:\\\/\\\/feinkost-veizoglou.de\\\/#website\",\"url\":\"https:\\\/\\\/feinkost-veizoglou.de\\\/\",\"name\":\"Feinkoststand Veizoglou\",\"description\":\"\",\"potentialAction\":[{\"@type\":\"SearchAction\",\"target\":{\"@type\":\"EntryPoint\",\"urlTemplate\":\"https:\\\/\\\/feinkost-veizoglou.de\\\/?s={search_term_string}\"},\"query-input\":{\"@type\":\"PropertyValueSpecification\",\"valueRequired\":true,\"valueName\":\"search_term_string\"}}],\"inLanguage\":\"de\"}]}<\/script>\n<!-- \/ Yoast SEO plugin. -->","yoast_head_json":{"title":"Impressum von Feinkost Veizoglou","description":"Das Impressum von Feinkost Veizoglou \u2013 alle Informationen und die Kontaktdaten der Website Feinkost Veizoglou.","robots":{"index":"index","follow":"follow","max-snippet":"max-snippet:-1","max-image-preview":"max-image-preview:large","max-video-preview":"max-video-preview:-1"},"canonical":"https:\/\/feinkost-veizoglou.de\/?page_id=497","og_locale":"de_DE","og_type":"article","og_title":"Impressum von Feinkost Veizoglou","og_description":"Das Impressum von Feinkost Veizoglou \u2013 alle Informationen und die Kontaktdaten der Website Feinkost Veizoglou.","og_url":"https:\/\/feinkost-veizoglou.de\/?page_id=497","og_site_name":"Feinkoststand Veizoglou","article_modified_time":"2023-11-08T14:44:07+00:00","twitter_card":"summary_large_image","twitter_misc":{"Gesch\u00e4tzte Lesezeit":"4\u00a0Minuten"},"schema":{"@context":"https:\/\/schema.org","@graph":[{"@type":"WebPage","@id":"https:\/\/feinkost-veizoglou.de\/?page_id=497","url":"https:\/\/feinkost-veizoglou.de\/?page_id=497","name":"Impressum von Feinkost Veizoglou","isPartOf":{"@id":"https:\/\/feinkost-veizoglou.de\/#website"},"datePublished":"2023-10-12T13:08:43+00:00","dateModified":"2023-11-08T14:44:07+00:00","description":"Das Impressum von Feinkost Veizoglou \u2013 alle Informationen und die Kontaktdaten der Website Feinkost Veizoglou.","breadcrumb":{"@id":"https:\/\/feinkost-veizoglou.de\/?page_id=497#breadcrumb"},"inLanguage":"de","potentialAction":[{"@type":"ReadAction","target":["https:\/\/feinkost-veizoglou.de\/?page_id=497"]}]},{"@type":"BreadcrumbList","@id":"https:\/\/feinkost-veizoglou.de\/?page_id=497#breadcrumb","itemListElement":[{"@type":"ListItem","position":1,"name":"Startseite","item":"https:\/\/feinkost-veizoglou.de\/?page_id=367"},{"@type":"ListItem","position":2,"name":"Impressum"}]},{"@type":"WebSite","@id":"https:\/\/feinkost-veizoglou.de\/#website","url":"https:\/\/feinkost-veizoglou.de\/","name":"Feinkoststand Veizoglou","description":"","potentialAction":[{"@type":"SearchAction","target":{"@type":"EntryPoint","urlTemplate":"https:\/\/feinkost-veizoglou.de\/?s={search_term_string}"},"query-input":{"@type":"PropertyValueSpecification","valueRequired":true,"valueName":"search_term_string"}}],"inLanguage":"de"}]}},"_links":{"self":[{"href":"https:\/\/feinkost-veizoglou.de\/index.php?rest_route=\/wp\/v2\/pages\/497","targetHints":{"allow":["GET"]}}],"collection":[{"href":"https:\/\/feinkost-veizoglou.de\/index.php?rest_route=\/wp\/v2\/pages"}],"about":[{"href":"https:\/\/feinkost-veizoglou.de\/index.php?rest_route=\/wp\/v2\/types\/page"}],"author":[{"embeddable":true,"href":"https:\/\/feinkost-veizoglou.de\/index.php?rest_route=\/wp\/v2\/users\/1"}],"replies":[{"embeddable":true,"href":"https:\/\/feinkost-veizoglou.de\/index.php?rest_route=%2Fwp%2Fv2%2Fcomments&post=497"}],"version-history":[{"count":5,"href":"https:\/\/feinkost-veizoglou.de\/index.php?rest_route=\/wp\/v2\/pages\/497\/revisions"}],"predecessor-version":[{"id":557,"href":"https:\/\/feinkost-veizoglou.de\/index.php?rest_route=\/wp\/v2\/pages\/497\/revisions\/557"}],"wp:attachment":[{"href":"https:\/\/feinkost-veizoglou.de\/index.php?rest_route=%2Fwp%2Fv2%2Fmedia&parent=497"}],"curies":[{"name":"wp","href":"https:\/\/api.w.org\/{rel}","templated":true}]}}